{"id":1532,"date":"2023-01-24T17:39:23","date_gmt":"2023-01-24T17:39:23","guid":{"rendered":"https:\/\/ton.connectingminds.net\/product\/wk-veld-louisville\/"},"modified":"2026-01-28T12:04:25","modified_gmt":"2026-01-28T11:04:25","slug":"campo-wk-louisville","status":"publish","type":"product","link":"https:\/\/mail.tonmerckxwielershirts.nl\/pt\/retro-wielershirt\/wk-veld-louisville\/","title":{"rendered":"B\u00c9LGICA (k) EQUIPE NACIONAL Campeonato Mundial de CICLOCROSS LOUISVILLE 2013 JAQUETA DE CICLISMO"},"content":{"rendered":"<p>Recebi uma jaqueta de Bart Aernouts.<\/p>\n<p>Sven Nijs tornou-se campe\u00e3o mundial de ciclocross em 2013 em Louisville, Am\u00e9rica.<\/p>\n<p>Devido ao n\u00edvel de \u00e1gua elevado esperado (devido \u00e0s fortes chuvas) no domingo, grande parte do curso inundaria durante a noite de s\u00e1bado para domingo.<\/p>\n<p>Como resultado, todas as partidas foram realizadas aos s\u00e1bados.<\/p>","protected":false},"excerpt":{"rendered":"<p>Recebi uma jaqueta de Bart Aernouts. Sven Nijs tornou-se campe\u00e3o mundial de ciclocross em 2013 em Louisville, Am\u00e9rica. Devido ao n\u00edvel de \u00e1gua elevado esperado (devido \u00e0s fortes chuvas) no domingo, grande parte do curso inundaria durante a noite de s\u00e1bado para domingo. Como resultado, todas as partidas foram realizadas aos s\u00e1bados.<\/p>","protected":false},"featured_media":1531,"template":"","meta":[],"product_brand":[],"product_cat":[1372],"product_tag":[],"class_list":{"0":"post-1532","1":"product","2":"type-product","3":"status-publish","4":"has-post-thumbnail","6":"product_cat-nationale-teams","8":"first","9":"onbackorder","10":"taxable","11":"shipping-taxable","12":"purchasable","13":"product-type-variable"},"yoast_head":"<!-- This site is optimized with the Yoast SEO plugin v27.3 - https:\/\/yoast.com\/product\/yoast-seo-wordpress\/ -->\n<title>BELGIE (k) NATIONALE PLOEG  WK CYCLOCROSS LOUISVILLE  2013    WIELERJACK - Ton Merckx Wielershirts - Rondreis door de wereld van wielershirts<\/title>\n<meta name=\"robots\" content=\"index, follow, max-snippet:-1, max-image-preview:large, max-video-preview:-1\" \/>\n<link rel=\"canonical\" href=\"https:\/\/ton.connectingminds.net\/retro-wielershirt\/wk-veld-louisville\/\" \/>\n<meta property=\"og:locale\" content=\"pt_PT\" \/>\n<meta property=\"og:type\" content=\"article\" \/>\n<meta property=\"og:title\" content=\"BELGIE (k) NATIONALE PLOEG  WK CYCLOCROSS LOUISVILLE  2013    WIELERJACK - Ton Merckx Wielershirts - Rondreis door de wereld van wielershirts\" \/>\n<meta property=\"og:description\" content=\"Jack gekregen van Bart Aernouts. Sven Nijs werd in 2013 Wereldkampioen Cyclocross in het Amerikaanse Louisville. Door een verwachte hoogwaterstand (ivm hevige regenval) op zondag zou een groot gedeelte van het parcours in de nacht van Zaterdag op Zondag overstromen. Daardoor werden alle wedstrijden op zaterdag verreden.\" \/>\n<meta property=\"og:url\" content=\"https:\/\/ton.connectingminds.net\/retro-wielershirt\/wk-veld-louisville\/\" \/>\n<meta property=\"og:site_name\" content=\"Ton Merckx Wielershirts - Rondreis door de wereld van wielershirts\" \/>\n<meta property=\"article:modified_time\" content=\"2026-01-28T11:04:25+00:00\" \/>\n<meta property=\"og:image\" content=\"https:\/\/ton.connectingminds.net\/wp-content\/uploads\/2023\/01\/SSA45129.jpg\" \/>\n\t<meta property=\"og:image:width\" content=\"1704\" \/>\n\t<meta property=\"og:image:height\" content=\"2272\" \/>\n\t<meta property=\"og:image:type\" content=\"image\/jpeg\" \/>\n<meta name=\"twitter:card\" content=\"summary_large_image\" \/>\n<meta name=\"twitter:label1\" content=\"Tempo estimado de leitura\" \/>\n\t<meta name=\"twitter:data1\" content=\"1 minuto\" \/>\n<script type=\"application\/ld+json\" class=\"yoast-schema-graph\">{\"@context\":\"https:\\\/\\\/schema.org\",\"@graph\":[{\"@type\":\"WebPage\",\"@id\":\"https:\\\/\\\/ton.connectingminds.net\\\/retro-wielershirt\\\/wk-veld-louisville\\\/\",\"url\":\"https:\\\/\\\/ton.connectingminds.net\\\/retro-wielershirt\\\/wk-veld-louisville\\\/\",\"name\":\"BELGIE (k) NATIONALE PLOEG WK CYCLOCROSS LOUISVILLE 2013 WIELERJACK - Ton Merckx Wielershirts - Rondreis door de wereld van wielershirts\",\"isPartOf\":{\"@id\":\"https:\\\/\\\/tonmerckxwielershirts.nl\\\/es\\\/#website\"},\"primaryImageOfPage\":{\"@id\":\"https:\\\/\\\/ton.connectingminds.net\\\/retro-wielershirt\\\/wk-veld-louisville\\\/#primaryimage\"},\"image\":{\"@id\":\"https:\\\/\\\/ton.connectingminds.net\\\/retro-wielershirt\\\/wk-veld-louisville\\\/#primaryimage\"},\"thumbnailUrl\":\"https:\\\/\\\/mail.tonmerckxwielershirts.nl\\\/wp-content\\\/uploads\\\/2023\\\/01\\\/SSA45129.jpg\",\"datePublished\":\"2023-01-24T17:39:23+00:00\",\"dateModified\":\"2026-01-28T11:04:25+00:00\",\"breadcrumb\":{\"@id\":\"https:\\\/\\\/ton.connectingminds.net\\\/retro-wielershirt\\\/wk-veld-louisville\\\/#breadcrumb\"},\"inLanguage\":\"pt-PT\",\"potentialAction\":[{\"@type\":\"ReadAction\",\"target\":[\"https:\\\/\\\/ton.connectingminds.net\\\/retro-wielershirt\\\/wk-veld-louisville\\\/\"]}]},{\"@type\":\"ImageObject\",\"inLanguage\":\"pt-PT\",\"@id\":\"https:\\\/\\\/ton.connectingminds.net\\\/retro-wielershirt\\\/wk-veld-louisville\\\/#primaryimage\",\"url\":\"https:\\\/\\\/mail.tonmerckxwielershirts.nl\\\/wp-content\\\/uploads\\\/2023\\\/01\\\/SSA45129.jpg\",\"contentUrl\":\"https:\\\/\\\/mail.tonmerckxwielershirts.nl\\\/wp-content\\\/uploads\\\/2023\\\/01\\\/SSA45129.jpg\",\"width\":1704,\"height\":2272},{\"@type\":\"BreadcrumbList\",\"@id\":\"https:\\\/\\\/ton.connectingminds.net\\\/retro-wielershirt\\\/wk-veld-louisville\\\/#breadcrumb\",\"itemListElement\":[{\"@type\":\"ListItem\",\"position\":1,\"name\":\"Home\",\"item\":\"https:\\\/\\\/tonmerckxwielershirts.nl\\\/es\\\/\"},{\"@type\":\"ListItem\",\"position\":2,\"name\":\"Retro wielershirts\",\"item\":\"https:\\\/\\\/tonmerckxwielershirts.nl\\\/es\\\/camisetas-de-ciclismo-retro\\\/\"},{\"@type\":\"ListItem\",\"position\":3,\"name\":\"BELGIE (k) NATIONALE PLOEG WK CYCLOCROSS LOUISVILLE 2013 WIELERJACK\"}]},{\"@type\":\"WebSite\",\"@id\":\"https:\\\/\\\/tonmerckxwielershirts.nl\\\/es\\\/#website\",\"url\":\"https:\\\/\\\/tonmerckxwielershirts.nl\\\/es\\\/\",\"name\":\"Ton Merckx Wielershirts - Rondreis door de wereld van wielershirts\",\"description\":\"thousands of original cycling jerseys - order your replica!\",\"publisher\":{\"@id\":\"https:\\\/\\\/tonmerckxwielershirts.nl\\\/es\\\/#organization\"},\"potentialAction\":[{\"@type\":\"SearchAction\",\"target\":{\"@type\":\"EntryPoint\",\"urlTemplate\":\"https:\\\/\\\/tonmerckxwielershirts.nl\\\/es\\\/?s={search_term_string}\"},\"query-input\":{\"@type\":\"PropertyValueSpecification\",\"valueRequired\":true,\"valueName\":\"search_term_string\"}}],\"inLanguage\":\"pt-PT\"},{\"@type\":\"Organization\",\"@id\":\"https:\\\/\\\/tonmerckxwielershirts.nl\\\/es\\\/#organization\",\"name\":\"Ton Merckx Wielershirts - Rondreis door de wereld van wielershirts\",\"url\":\"https:\\\/\\\/tonmerckxwielershirts.nl\\\/es\\\/\",\"logo\":{\"@type\":\"ImageObject\",\"inLanguage\":\"pt-PT\",\"@id\":\"https:\\\/\\\/tonmerckxwielershirts.nl\\\/es\\\/#\\\/schema\\\/logo\\\/image\\\/\",\"url\":\"https:\\\/\\\/mail.tonmerckxwielershirts.nl\\\/wp-content\\\/uploads\\\/2023\\\/03\\\/ton-merckx-logo.jpg\",\"contentUrl\":\"https:\\\/\\\/mail.tonmerckxwielershirts.nl\\\/wp-content\\\/uploads\\\/2023\\\/03\\\/ton-merckx-logo.jpg\",\"width\":391,\"height\":57,\"caption\":\"Ton Merckx Wielershirts - Rondreis door de wereld van wielershirts\"},\"image\":{\"@id\":\"https:\\\/\\\/tonmerckxwielershirts.nl\\\/es\\\/#\\\/schema\\\/logo\\\/image\\\/\"}}]}<\/script>\n<!-- \/ Yoast SEO plugin. -->","yoast_head_json":{"title":"B\u00c9LGICA (k) EQUIPE NACIONAL CYCLCROSS World Cup LOUISVILLE 2013 CYCLING JACKET - Ton Merckx Cycling Jerseys - Tour pelo mundo das camisas de ciclismo","robots":{"index":"index","follow":"follow","max-snippet":"max-snippet:-1","max-image-preview":"max-image-preview:large","max-video-preview":"max-video-preview:-1"},"canonical":"https:\/\/ton.connectingminds.net\/retro-wielershirt\/wk-veld-louisville\/","og_locale":"pt_PT","og_type":"article","og_title":"BELGIE (k) NATIONALE PLOEG  WK CYCLOCROSS LOUISVILLE  2013    WIELERJACK - Ton Merckx Wielershirts - Rondreis door de wereld van wielershirts","og_description":"Jack gekregen van Bart Aernouts. Sven Nijs werd in 2013 Wereldkampioen Cyclocross in het Amerikaanse Louisville. Door een verwachte hoogwaterstand (ivm hevige regenval) op zondag zou een groot gedeelte van het parcours in de nacht van Zaterdag op Zondag overstromen. Daardoor werden alle wedstrijden op zaterdag verreden.","og_url":"https:\/\/ton.connectingminds.net\/retro-wielershirt\/wk-veld-louisville\/","og_site_name":"Ton Merckx Wielershirts - Rondreis door de wereld van wielershirts","article_modified_time":"2026-01-28T11:04:25+00:00","og_image":[{"width":1704,"height":2272,"url":"https:\/\/ton.connectingminds.net\/wp-content\/uploads\/2023\/01\/SSA45129.jpg","type":"image\/jpeg"}],"twitter_card":"summary_large_image","twitter_misc":{"Tempo estimado de leitura":"1 minuto"},"schema":{"@context":"https:\/\/schema.org","@graph":[{"@type":"WebPage","@id":"https:\/\/ton.connectingminds.net\/retro-wielershirt\/wk-veld-louisville\/","url":"https:\/\/ton.connectingminds.net\/retro-wielershirt\/wk-veld-louisville\/","name":"B\u00c9LGICA (k) EQUIPE NACIONAL CYCLOCROSS Copa do Mundo LOUISVILLE 2013 JAQUETA DE CICLISMO - Ton Merckx Cycling Jerseys - Tour pelo mundo das camisas de ciclismo","isPartOf":{"@id":"https:\/\/tonmerckxwielershirts.nl\/es\/#website"},"primaryImageOfPage":{"@id":"https:\/\/ton.connectingminds.net\/retro-wielershirt\/wk-veld-louisville\/#primaryimage"},"image":{"@id":"https:\/\/ton.connectingminds.net\/retro-wielershirt\/wk-veld-louisville\/#primaryimage"},"thumbnailUrl":"https:\/\/mail.tonmerckxwielershirts.nl\/wp-content\/uploads\/2023\/01\/SSA45129.jpg","datePublished":"2023-01-24T17:39:23+00:00","dateModified":"2026-01-28T11:04:25+00:00","breadcrumb":{"@id":"https:\/\/ton.connectingminds.net\/retro-wielershirt\/wk-veld-louisville\/#breadcrumb"},"inLanguage":"pt-PT","potentialAction":[{"@type":"ReadAction","target":["https:\/\/ton.connectingminds.net\/retro-wielershirt\/wk-veld-louisville\/"]}]},{"@type":"ImageObject","inLanguage":"pt-PT","@id":"https:\/\/ton.connectingminds.net\/retro-wielershirt\/wk-veld-louisville\/#primaryimage","url":"https:\/\/mail.tonmerckxwielershirts.nl\/wp-content\/uploads\/2023\/01\/SSA45129.jpg","contentUrl":"https:\/\/mail.tonmerckxwielershirts.nl\/wp-content\/uploads\/2023\/01\/SSA45129.jpg","width":1704,"height":2272},{"@type":"BreadcrumbList","@id":"https:\/\/ton.connectingminds.net\/retro-wielershirt\/wk-veld-louisville\/#breadcrumb","itemListElement":[{"@type":"ListItem","position":1,"name":"Home","item":"https:\/\/tonmerckxwielershirts.nl\/es\/"},{"@type":"ListItem","position":2,"name":"Retro wielershirts","item":"https:\/\/tonmerckxwielershirts.nl\/es\/camisetas-de-ciclismo-retro\/"},{"@type":"ListItem","position":3,"name":"BELGIE (k) NATIONALE PLOEG WK CYCLOCROSS LOUISVILLE 2013 WIELERJACK"}]},{"@type":"WebSite","@id":"https:\/\/tonmerckxwielershirts.nl\/es\/#website","url":"https:\/\/tonmerckxwielershirts.nl\/es\/","name":"Camisas de ciclismo Ton Merckx - Tour pelo mundo das camisas de ciclismo","description":"milhares de camisas de ciclismo originais - encomende a sua r\u00e9plica!","publisher":{"@id":"https:\/\/tonmerckxwielershirts.nl\/es\/#organization"},"potentialAction":[{"@type":"SearchAction","target":{"@type":"EntryPoint","urlTemplate":"https:\/\/tonmerckxwielershirts.nl\/es\/?s={search_term_string}"},"query-input":{"@type":"PropertyValueSpecification","valueRequired":true,"valueName":"search_term_string"}}],"inLanguage":"pt-PT"},{"@type":"Organization","@id":"https:\/\/tonmerckxwielershirts.nl\/es\/#organization","name":"Camisas de ciclismo Ton Merckx - Tour pelo mundo das camisas de ciclismo","url":"https:\/\/tonmerckxwielershirts.nl\/es\/","logo":{"@type":"ImageObject","inLanguage":"pt-PT","@id":"https:\/\/tonmerckxwielershirts.nl\/es\/#\/schema\/logo\/image\/","url":"https:\/\/mail.tonmerckxwielershirts.nl\/wp-content\/uploads\/2023\/03\/ton-merckx-logo.jpg","contentUrl":"https:\/\/mail.tonmerckxwielershirts.nl\/wp-content\/uploads\/2023\/03\/ton-merckx-logo.jpg","width":391,"height":57,"caption":"Ton Merckx Wielershirts - Rondreis door de wereld van wielershirts"},"image":{"@id":"https:\/\/tonmerckxwielershirts.nl\/es\/#\/schema\/logo\/image\/"}}]}},"_links":{"self":[{"href":"https:\/\/mail.tonmerckxwielershirts.nl\/pt\/wp-json\/wp\/v2\/product\/1532","targetHints":{"allow":["GET"]}}],"collection":[{"href":"https:\/\/mail.tonmerckxwielershirts.nl\/pt\/wp-json\/wp\/v2\/product"}],"about":[{"href":"https:\/\/mail.tonmerckxwielershirts.nl\/pt\/wp-json\/wp\/v2\/types\/product"}],"wp:featuredmedia":[{"embeddable":true,"href":"https:\/\/mail.tonmerckxwielershirts.nl\/pt\/wp-json\/wp\/v2\/media\/1531"}],"wp:attachment":[{"href":"https:\/\/mail.tonmerckxwielershirts.nl\/pt\/wp-json\/wp\/v2\/media?parent=1532"}],"wp:term":[{"taxonomy":"product_brand","embeddable":true,"href":"https:\/\/mail.tonmerckxwielershirts.nl\/pt\/wp-json\/wp\/v2\/product_brand?post=1532"},{"taxonomy":"product_cat","embeddable":true,"href":"https:\/\/mail.tonmerckxwielershirts.nl\/pt\/wp-json\/wp\/v2\/product_cat?post=1532"},{"taxonomy":"product_tag","embeddable":true,"href":"https:\/\/mail.tonmerckxwielershirts.nl\/pt\/wp-json\/wp\/v2\/product_tag?post=1532"}],"curies":[{"name":"wp","href":"https:\/\/api.w.org\/{rel}","templated":true}]}}