{"id":1532,"date":"2023-01-24T17:39:23","date_gmt":"2023-01-24T17:39:23","guid":{"rendered":"https:\/\/ton.connectingminds.net\/product\/wk-veld-louisville\/"},"modified":"2026-01-28T12:04:25","modified_gmt":"2026-01-28T11:04:25","slug":"terrain-de-la-semaine-a-louisville","status":"publish","type":"product","link":"https:\/\/mail.tonmerckxwielershirts.nl\/fr\/retro-wielershirt\/wk-veld-louisville\/","title":{"rendered":"BELGIQUE (k) Championnat du monde de cyclocross par \u00e9quipe nationale LOUISVILLE 2013 VESTE DE CYCLISME"},"content":{"rendered":"<p>J&#039;ai re\u00e7u une veste de Bart Aernouts.<\/p>\n<p>Sven Nijs est devenu champion du monde de cyclocross en 2013 \u00e0 Louisville, en Am\u00e9rique.<\/p>\n<p>En raison d&#039;un niveau d&#039;eau \u00e9lev\u00e9 pr\u00e9vu (en raison de fortes pr\u00e9cipitations) dimanche, une grande partie du parcours serait inond\u00e9e dans la nuit de samedi \u00e0 dimanche.<\/p>\n<p>En cons\u00e9quence, tous les matchs se sont d\u00e9roul\u00e9s le samedi.<\/p>","protected":false},"excerpt":{"rendered":"<p>J&#039;ai re\u00e7u une veste de Bart Aernouts. Sven Nijs est devenu champion du monde de cyclocross en 2013 \u00e0 Louisville, en Am\u00e9rique. En raison d&#039;un niveau d&#039;eau \u00e9lev\u00e9 pr\u00e9vu (en raison de fortes pr\u00e9cipitations) dimanche, une grande partie du parcours serait inond\u00e9e dans la nuit de samedi \u00e0 dimanche. En cons\u00e9quence, tous les matchs se sont d\u00e9roul\u00e9s le samedi.<\/p>","protected":false},"featured_media":1531,"template":"","meta":[],"product_brand":[],"product_cat":[1372],"product_tag":[],"class_list":{"0":"post-1532","1":"product","2":"type-product","3":"status-publish","4":"has-post-thumbnail","6":"product_cat-nationale-teams","8":"first","9":"onbackorder","10":"taxable","11":"shipping-taxable","12":"purchasable","13":"product-type-variable"},"yoast_head":"<!-- This site is optimized with the Yoast SEO plugin v27.3 - https:\/\/yoast.com\/product\/yoast-seo-wordpress\/ -->\n<title>BELGIE (k) NATIONALE PLOEG  WK CYCLOCROSS LOUISVILLE  2013    WIELERJACK - Ton Merckx Wielershirts - Rondreis door de wereld van wielershirts<\/title>\n<meta name=\"robots\" content=\"index, follow, max-snippet:-1, max-image-preview:large, max-video-preview:-1\" \/>\n<link rel=\"canonical\" href=\"https:\/\/ton.connectingminds.net\/retro-wielershirt\/wk-veld-louisville\/\" \/>\n<meta property=\"og:locale\" content=\"fr_FR\" \/>\n<meta property=\"og:type\" content=\"article\" \/>\n<meta property=\"og:title\" content=\"BELGIE (k) NATIONALE PLOEG  WK CYCLOCROSS LOUISVILLE  2013    WIELERJACK - Ton Merckx Wielershirts - Rondreis door de wereld van wielershirts\" \/>\n<meta property=\"og:description\" content=\"Jack gekregen van Bart Aernouts. Sven Nijs werd in 2013 Wereldkampioen Cyclocross in het Amerikaanse Louisville. Door een verwachte hoogwaterstand (ivm hevige regenval) op zondag zou een groot gedeelte van het parcours in de nacht van Zaterdag op Zondag overstromen. Daardoor werden alle wedstrijden op zaterdag verreden.\" \/>\n<meta property=\"og:url\" content=\"https:\/\/ton.connectingminds.net\/retro-wielershirt\/wk-veld-louisville\/\" \/>\n<meta property=\"og:site_name\" content=\"Ton Merckx Wielershirts - Rondreis door de wereld van wielershirts\" \/>\n<meta property=\"article:modified_time\" content=\"2026-01-28T11:04:25+00:00\" \/>\n<meta property=\"og:image\" content=\"https:\/\/ton.connectingminds.net\/wp-content\/uploads\/2023\/01\/SSA45129.jpg\" \/>\n\t<meta property=\"og:image:width\" content=\"1704\" \/>\n\t<meta property=\"og:image:height\" content=\"2272\" \/>\n\t<meta property=\"og:image:type\" content=\"image\/jpeg\" \/>\n<meta name=\"twitter:card\" content=\"summary_large_image\" \/>\n<meta name=\"twitter:label1\" content=\"Dur\u00e9e de lecture estim\u00e9e\" \/>\n\t<meta name=\"twitter:data1\" content=\"1 minute\" \/>\n<script type=\"application\/ld+json\" class=\"yoast-schema-graph\">{\"@context\":\"https:\\\/\\\/schema.org\",\"@graph\":[{\"@type\":\"WebPage\",\"@id\":\"https:\\\/\\\/ton.connectingminds.net\\\/retro-wielershirt\\\/wk-veld-louisville\\\/\",\"url\":\"https:\\\/\\\/ton.connectingminds.net\\\/retro-wielershirt\\\/wk-veld-louisville\\\/\",\"name\":\"BELGIE (k) NATIONALE PLOEG WK CYCLOCROSS LOUISVILLE 2013 WIELERJACK - Ton Merckx Wielershirts - Rondreis door de wereld van wielershirts\",\"isPartOf\":{\"@id\":\"https:\\\/\\\/tonmerckxwielershirts.nl\\\/es\\\/#website\"},\"primaryImageOfPage\":{\"@id\":\"https:\\\/\\\/ton.connectingminds.net\\\/retro-wielershirt\\\/wk-veld-louisville\\\/#primaryimage\"},\"image\":{\"@id\":\"https:\\\/\\\/ton.connectingminds.net\\\/retro-wielershirt\\\/wk-veld-louisville\\\/#primaryimage\"},\"thumbnailUrl\":\"https:\\\/\\\/mail.tonmerckxwielershirts.nl\\\/wp-content\\\/uploads\\\/2023\\\/01\\\/SSA45129.jpg\",\"datePublished\":\"2023-01-24T17:39:23+00:00\",\"dateModified\":\"2026-01-28T11:04:25+00:00\",\"breadcrumb\":{\"@id\":\"https:\\\/\\\/ton.connectingminds.net\\\/retro-wielershirt\\\/wk-veld-louisville\\\/#breadcrumb\"},\"inLanguage\":\"fr-FR\",\"potentialAction\":[{\"@type\":\"ReadAction\",\"target\":[\"https:\\\/\\\/ton.connectingminds.net\\\/retro-wielershirt\\\/wk-veld-louisville\\\/\"]}]},{\"@type\":\"ImageObject\",\"inLanguage\":\"fr-FR\",\"@id\":\"https:\\\/\\\/ton.connectingminds.net\\\/retro-wielershirt\\\/wk-veld-louisville\\\/#primaryimage\",\"url\":\"https:\\\/\\\/mail.tonmerckxwielershirts.nl\\\/wp-content\\\/uploads\\\/2023\\\/01\\\/SSA45129.jpg\",\"contentUrl\":\"https:\\\/\\\/mail.tonmerckxwielershirts.nl\\\/wp-content\\\/uploads\\\/2023\\\/01\\\/SSA45129.jpg\",\"width\":1704,\"height\":2272},{\"@type\":\"BreadcrumbList\",\"@id\":\"https:\\\/\\\/ton.connectingminds.net\\\/retro-wielershirt\\\/wk-veld-louisville\\\/#breadcrumb\",\"itemListElement\":[{\"@type\":\"ListItem\",\"position\":1,\"name\":\"Home\",\"item\":\"https:\\\/\\\/tonmerckxwielershirts.nl\\\/es\\\/\"},{\"@type\":\"ListItem\",\"position\":2,\"name\":\"Retro wielershirts\",\"item\":\"https:\\\/\\\/tonmerckxwielershirts.nl\\\/es\\\/camisetas-de-ciclismo-retro\\\/\"},{\"@type\":\"ListItem\",\"position\":3,\"name\":\"BELGIE (k) NATIONALE PLOEG WK CYCLOCROSS LOUISVILLE 2013 WIELERJACK\"}]},{\"@type\":\"WebSite\",\"@id\":\"https:\\\/\\\/tonmerckxwielershirts.nl\\\/es\\\/#website\",\"url\":\"https:\\\/\\\/tonmerckxwielershirts.nl\\\/es\\\/\",\"name\":\"Ton Merckx Wielershirts - Rondreis door de wereld van wielershirts\",\"description\":\"thousands of original cycling jerseys - order your replica!\",\"publisher\":{\"@id\":\"https:\\\/\\\/tonmerckxwielershirts.nl\\\/es\\\/#organization\"},\"potentialAction\":[{\"@type\":\"SearchAction\",\"target\":{\"@type\":\"EntryPoint\",\"urlTemplate\":\"https:\\\/\\\/tonmerckxwielershirts.nl\\\/es\\\/?s={search_term_string}\"},\"query-input\":{\"@type\":\"PropertyValueSpecification\",\"valueRequired\":true,\"valueName\":\"search_term_string\"}}],\"inLanguage\":\"fr-FR\"},{\"@type\":\"Organization\",\"@id\":\"https:\\\/\\\/tonmerckxwielershirts.nl\\\/es\\\/#organization\",\"name\":\"Ton Merckx Wielershirts - Rondreis door de wereld van wielershirts\",\"url\":\"https:\\\/\\\/tonmerckxwielershirts.nl\\\/es\\\/\",\"logo\":{\"@type\":\"ImageObject\",\"inLanguage\":\"fr-FR\",\"@id\":\"https:\\\/\\\/tonmerckxwielershirts.nl\\\/es\\\/#\\\/schema\\\/logo\\\/image\\\/\",\"url\":\"https:\\\/\\\/mail.tonmerckxwielershirts.nl\\\/wp-content\\\/uploads\\\/2023\\\/03\\\/ton-merckx-logo.jpg\",\"contentUrl\":\"https:\\\/\\\/mail.tonmerckxwielershirts.nl\\\/wp-content\\\/uploads\\\/2023\\\/03\\\/ton-merckx-logo.jpg\",\"width\":391,\"height\":57,\"caption\":\"Ton Merckx Wielershirts - Rondreis door de wereld van wielershirts\"},\"image\":{\"@id\":\"https:\\\/\\\/tonmerckxwielershirts.nl\\\/es\\\/#\\\/schema\\\/logo\\\/image\\\/\"}}]}<\/script>\n<!-- \/ Yoast SEO plugin. -->","yoast_head_json":{"title":"BELGIQUE (k) Coupe du Monde NATIONALE DE CYCLOCROSS LOUISVILLE 2013 VESTE DE CYCLISME - Ton Merckx Cycling Jerseys - Tour \u00e0 travers le monde des maillots de cyclisme","robots":{"index":"index","follow":"follow","max-snippet":"max-snippet:-1","max-image-preview":"max-image-preview:large","max-video-preview":"max-video-preview:-1"},"canonical":"https:\/\/ton.connectingminds.net\/retro-wielershirt\/wk-veld-louisville\/","og_locale":"fr_FR","og_type":"article","og_title":"BELGIE (k) NATIONALE PLOEG  WK CYCLOCROSS LOUISVILLE  2013    WIELERJACK - Ton Merckx Wielershirts - Rondreis door de wereld van wielershirts","og_description":"Jack gekregen van Bart Aernouts. Sven Nijs werd in 2013 Wereldkampioen Cyclocross in het Amerikaanse Louisville. Door een verwachte hoogwaterstand (ivm hevige regenval) op zondag zou een groot gedeelte van het parcours in de nacht van Zaterdag op Zondag overstromen. Daardoor werden alle wedstrijden op zaterdag verreden.","og_url":"https:\/\/ton.connectingminds.net\/retro-wielershirt\/wk-veld-louisville\/","og_site_name":"Ton Merckx Wielershirts - Rondreis door de wereld van wielershirts","article_modified_time":"2026-01-28T11:04:25+00:00","og_image":[{"width":1704,"height":2272,"url":"https:\/\/ton.connectingminds.net\/wp-content\/uploads\/2023\/01\/SSA45129.jpg","type":"image\/jpeg"}],"twitter_card":"summary_large_image","twitter_misc":{"Dur\u00e9e de lecture estim\u00e9e":"1 minute"},"schema":{"@context":"https:\/\/schema.org","@graph":[{"@type":"WebPage","@id":"https:\/\/ton.connectingminds.net\/retro-wielershirt\/wk-veld-louisville\/","url":"https:\/\/ton.connectingminds.net\/retro-wielershirt\/wk-veld-louisville\/","name":"BELGIQUE (k) Coupe du Monde NATIONALE DE CYCLOCROSS LOUISVILLE 2013 VESTE DE CYCLISME - Ton Merckx Cycling Jerseys - Tour \u00e0 travers le monde des maillots de cyclisme","isPartOf":{"@id":"https:\/\/tonmerckxwielershirts.nl\/es\/#website"},"primaryImageOfPage":{"@id":"https:\/\/ton.connectingminds.net\/retro-wielershirt\/wk-veld-louisville\/#primaryimage"},"image":{"@id":"https:\/\/ton.connectingminds.net\/retro-wielershirt\/wk-veld-louisville\/#primaryimage"},"thumbnailUrl":"https:\/\/mail.tonmerckxwielershirts.nl\/wp-content\/uploads\/2023\/01\/SSA45129.jpg","datePublished":"2023-01-24T17:39:23+00:00","dateModified":"2026-01-28T11:04:25+00:00","breadcrumb":{"@id":"https:\/\/ton.connectingminds.net\/retro-wielershirt\/wk-veld-louisville\/#breadcrumb"},"inLanguage":"fr-FR","potentialAction":[{"@type":"ReadAction","target":["https:\/\/ton.connectingminds.net\/retro-wielershirt\/wk-veld-louisville\/"]}]},{"@type":"ImageObject","inLanguage":"fr-FR","@id":"https:\/\/ton.connectingminds.net\/retro-wielershirt\/wk-veld-louisville\/#primaryimage","url":"https:\/\/mail.tonmerckxwielershirts.nl\/wp-content\/uploads\/2023\/01\/SSA45129.jpg","contentUrl":"https:\/\/mail.tonmerckxwielershirts.nl\/wp-content\/uploads\/2023\/01\/SSA45129.jpg","width":1704,"height":2272},{"@type":"BreadcrumbList","@id":"https:\/\/ton.connectingminds.net\/retro-wielershirt\/wk-veld-louisville\/#breadcrumb","itemListElement":[{"@type":"ListItem","position":1,"name":"Home","item":"https:\/\/tonmerckxwielershirts.nl\/es\/"},{"@type":"ListItem","position":2,"name":"Retro wielershirts","item":"https:\/\/tonmerckxwielershirts.nl\/es\/camisetas-de-ciclismo-retro\/"},{"@type":"ListItem","position":3,"name":"BELGIE (k) NATIONALE PLOEG WK CYCLOCROSS LOUISVILLE 2013 WIELERJACK"}]},{"@type":"WebSite","@id":"https:\/\/tonmerckxwielershirts.nl\/es\/#website","url":"https:\/\/tonmerckxwielershirts.nl\/es\/","name":"Chemises de cyclisme Ton Merckx - Tour \u00e0 travers le monde des chemises de cyclisme","description":"des milliers de maillots de cyclisme originaux - commandez votre r\u00e9plique !","publisher":{"@id":"https:\/\/tonmerckxwielershirts.nl\/es\/#organization"},"potentialAction":[{"@type":"SearchAction","target":{"@type":"EntryPoint","urlTemplate":"https:\/\/tonmerckxwielershirts.nl\/es\/?s={search_term_string}"},"query-input":{"@type":"PropertyValueSpecification","valueRequired":true,"valueName":"search_term_string"}}],"inLanguage":"fr-FR"},{"@type":"Organization","@id":"https:\/\/tonmerckxwielershirts.nl\/es\/#organization","name":"Chemises de cyclisme Ton Merckx - Tour \u00e0 travers le monde des chemises de cyclisme","url":"https:\/\/tonmerckxwielershirts.nl\/es\/","logo":{"@type":"ImageObject","inLanguage":"fr-FR","@id":"https:\/\/tonmerckxwielershirts.nl\/es\/#\/schema\/logo\/image\/","url":"https:\/\/mail.tonmerckxwielershirts.nl\/wp-content\/uploads\/2023\/03\/ton-merckx-logo.jpg","contentUrl":"https:\/\/mail.tonmerckxwielershirts.nl\/wp-content\/uploads\/2023\/03\/ton-merckx-logo.jpg","width":391,"height":57,"caption":"Ton Merckx Wielershirts - Rondreis door de wereld van wielershirts"},"image":{"@id":"https:\/\/tonmerckxwielershirts.nl\/es\/#\/schema\/logo\/image\/"}}]}},"_links":{"self":[{"href":"https:\/\/mail.tonmerckxwielershirts.nl\/fr\/wp-json\/wp\/v2\/product\/1532","targetHints":{"allow":["GET"]}}],"collection":[{"href":"https:\/\/mail.tonmerckxwielershirts.nl\/fr\/wp-json\/wp\/v2\/product"}],"about":[{"href":"https:\/\/mail.tonmerckxwielershirts.nl\/fr\/wp-json\/wp\/v2\/types\/product"}],"wp:featuredmedia":[{"embeddable":true,"href":"https:\/\/mail.tonmerckxwielershirts.nl\/fr\/wp-json\/wp\/v2\/media\/1531"}],"wp:attachment":[{"href":"https:\/\/mail.tonmerckxwielershirts.nl\/fr\/wp-json\/wp\/v2\/media?parent=1532"}],"wp:term":[{"taxonomy":"product_brand","embeddable":true,"href":"https:\/\/mail.tonmerckxwielershirts.nl\/fr\/wp-json\/wp\/v2\/product_brand?post=1532"},{"taxonomy":"product_cat","embeddable":true,"href":"https:\/\/mail.tonmerckxwielershirts.nl\/fr\/wp-json\/wp\/v2\/product_cat?post=1532"},{"taxonomy":"product_tag","embeddable":true,"href":"https:\/\/mail.tonmerckxwielershirts.nl\/fr\/wp-json\/wp\/v2\/product_tag?post=1532"}],"curies":[{"name":"wp","href":"https:\/\/api.w.org\/{rel}","templated":true}]}}